{"id":2149,"date":"2023-03-08T08:52:45","date_gmt":"2023-03-08T07:52:45","guid":{"rendered":"http:\/\/notiziario.societabotanicaitaliana.it\/?page_id=2149"},"modified":"2023-12-15T11:55:43","modified_gmt":"2023-12-15T10:55:43","slug":"volume-7-2023","status":"publish","type":"page","link":"https:\/\/notiziario.societabotanicaitaliana.it\/index.php\/volume-7-2023\/","title":{"rendered":"Volume 7 (2023)"},"content":{"rendered":"<h2><strong>VOLUME 7 (2023)<\/strong><\/h2>\n<p><a href=\"https:\/\/notiziario.societabotanicaitaliana.it\/wp-content\/uploads\/2023\/03\/Articoli-22_Flora-Montagnella.pdf\"><strong>Aspetti floristici della &#8220;Montagnella&#8221; (Mormanno, Calabria) e considerazioni sul neocostituito Orto botanico &#8220;B. Longo&#8221;<\/strong><\/a><br \/>\nM. Maiorca<br \/>\n<strong>Riassunto<\/strong> \u2010 Vengono presentati i risultati di un\u2019indagine floristica effettuata nell\u2019area denominata \u201cMontagnella\u201d, ubicata nei pressi della cittadina di Mormanno, in Calabria. Si tratta di un sito sottoposto a tutela paesaggistica, da qualche anno sede di iniziative avviate dall\u2019Amministrazione comunale di Mormanno, che ha voluto destinarlo, parzialmente, ad \u201cOrto botanico\u201d, dedicandolo a Biagio Longo. Oltre a commentare i dati floristici, vengono esposte alcune considerazioni in merito alla possibilit\u00e0 di rendere l\u2019intera area pi\u00f9 rispondente alle esigenze scientifiche, didattiche e dimostrative che contraddistinguono un Orto botanico.<br \/>\n<strong>Parole chiave:<\/strong> Calabria, Flora, Mormanno, Orto botanico<br \/>\nRicevuto il 20.10.2022<br \/>\nAccettato il 27.01.2023<br \/>\nPubblicato online il 08.03.2023<\/p>\n<p><strong><a href=\"https:\/\/notiziario.societabotanicaitaliana.it\/wp-content\/uploads\/2023\/06\/Articoli-23_Herbationes-Latiales-II.pdf\"><em>Herbationes Latiales II<\/em> \u2013 Contributo alla conoscenza della flora dei Monti Ernici (Lazio sud\u2011orientale, Italia Centrale): Arco di Trevi e zone limitrofe<\/a><\/strong><br \/>\nE. Lattanzi, R. Copiz, G. Corazzi, S. Fascetti, M. Giardini, M. Iberite, P. Lavezzo, B. Petriglia<br \/>\n<strong>Riassunto<\/strong> \u2010 Vengono qui pubblicati i dati raccolti nel corso di tre escursioni sociali della Sezione Laziale \u201cGiuliano Montelucci\u201d della Societ\u00e0 Botanica Italiana svolte nell\u2019area contraddistinta dall\u2019Arco di Trevi, un monumento architettonico storico posto lungo un antico percorso che collega i comuni di Trevi nel Lazio e Guarcino, nei Monti Ernici occidentali (Lazio). Le escursioni, effettuate nelle aree che fiancheggiano il percorso compreso tra la S.R. 411 \u201cSublacense\u201d e la localit\u00e0 \u201cGiungoli\u201d, passando per l\u2019Arco di Trevi, hanno permesso di censire 357 taxa di piante vascolari. Sono state osservate diverse specie rare, numerose endemiche italiane e alcuni taxa di interesse conservazionistico.<br \/>\n<strong>Parole chiave:<\/strong> Flora vascolare, Lazio, Monti Ernici<br \/>\nRicevuto il 11.04.2022<br \/>\nAccettato il 06.06.2023<br \/>\nPubblicato online il 28.06.2023<\/p>\n<p><strong><a href=\"https:\/\/notiziario.societabotanicaitaliana.it\/wp-content\/uploads\/2023\/12\/Articoli-24_Flora-Parco-Monteveglio.pdf\">Contributo alla conoscenza della flora vascolare del Parco Regionale dell\u2019Abbazia di Monteveglio (Emilia-Romagna, provincia di Bologna)<\/a><br \/>\n<\/strong>A. Alessandrini, D. Bianco, L. Brancaleoni, F. Buldrini, R. Gerdol, M.H.G. Gustafsson, C. Lambertini, G. Rossetti, F. Santi<br \/>\n<strong>Riassunto <\/strong>\u2013 Il Parco Regionale dell\u2019Abbazia di Monteveglio \u00e8 un\u2019area protetta situata nella fascia collinare della provincia di Bologna (Regione Emilia-Romagna), che si caratterizza per un\u2019elevata diversit\u00e0 ambientale su una superficie assai ridotta (meno di 10 km\u00b2). In occasione della Giornata mondiale della Biodiversit\u00e0 (20-22 maggio 2022), su iniziativa nazionale della Societ\u00e0 Botanica Italiana e realizzata localmente dalla Sezione Emiliano-Romagnola, \u00e8 stato compilato un elenco delle entit\u00e0 vegetali rinvenute, ben 244 <em>taxa<\/em>, che viene qui presentato e che costituisce una prima Flora dell\u2019area protetta.<br \/>\n<strong>Parole chiave<\/strong>: Appennino settentrionale, aree protette, biodiversit\u00e0, flora spontanea, Monteveglio<br \/>\nRicevuto il 30.09.2023<br \/>\nAccettato il 21.11.2023<br \/>\nPubblicato online il 11.12.2023<\/p>\n<p><strong><a href=\"https:\/\/notiziario.societabotanicaitaliana.it\/wp-content\/uploads\/2023\/12\/Articoli-25_Flora-Parco-Maiella.pdf\">Ulteriore contributo alla flora vascolare del Parco Nazionale della Maiella e aree limitrofe<\/a><br \/>\n<\/strong>G. Ciaschetti, M. Di Cecco<br \/>\n<strong>Riassunto<\/strong> \u2010 La flora del Parco Nazionale della Maiella \u00e8 una delle pi\u00f9 ricche tra i parchi nazionali europei. Vengono qui riportate le segnalazioni di 14 nuovi <em>taxa<\/em> (specie e sottospecie), di cui sette all&#8217;interno del territorio del parco e sette appena fuori, in prossimit\u00e0 del suo confine. Tra questi, uno \u00e8 nuovo per la flora italiana ed \u00e8 una specie aliena casuale. I <em>taxa <\/em>rinvenuti, insieme ad altri gi\u00e0 segnalati in letteratura ma omessi nelle pi\u00f9 recenti flore del parco ed altri editi successivamente alla pubblicazione di queste flore, portano il numero dei <em>taxa<\/em> presenti nell&#8217;area protetta e nelle aree limitrofe a 2331. Vengono inoltre riportate nuove localit\u00e0 di rinvenimento di specie rare nella regione Abruzzo. Il presente contributo rappresenta un&#8217;ulteriore testimonianza di come la ricchezza specifica di un territorio sia strettamente legata al grado di conoscenza della stessa.<br \/>\n<strong>Parole chiave: <\/strong>Appennino centrale, flora, Maiella, ricchezza specifica<br \/>\nRicevuto il 23.10.2023<br \/>\nAccettato il 01.12.2023<br \/>\nPubblicato online il 15.12.2023<\/p>\n","protected":false},"excerpt":{"rendered":"<p>VOLUME 7 (2023) Aspetti floristici della &#8220;Montagnella&#8221; (Mormanno, Calabria) e considerazioni sul neocostituito Orto botanico &#8220;B. Longo&#8221; M. Maiorca Riassunto \u2010 Vengono presentati i risultati di un\u2019indagine floristica effettuata nell\u2019area denominata \u201cMontagnella\u201d, ubicata nei pressi della cittadina di Mormanno, in Calabria. Si tratta di un sito sottoposto a tutela paesaggistica, da qualche anno sede di [&hellip;]<\/p>\n","protected":false},"author":5,"featured_media":0,"parent":0,"menu_order":0,"comment_status":"closed","ping_status":"closed","template":"","meta":{"footnotes":""},"class_list":["post-2149","page","type-page","status-publish","hentry"],"_links":{"self":[{"href":"https:\/\/notiziario.societabotanicaitaliana.it\/index.php\/wp-json\/wp\/v2\/pages\/2149","targetHints":{"allow":["GET"]}}],"collection":[{"href":"https:\/\/notiziario.societabotanicaitaliana.it\/index.php\/wp-json\/wp\/v2\/pages"}],"about":[{"href":"https:\/\/notiziario.societabotanicaitaliana.it\/index.php\/wp-json\/wp\/v2\/types\/page"}],"author":[{"embeddable":true,"href":"https:\/\/notiziario.societabotanicaitaliana.it\/index.php\/wp-json\/wp\/v2\/users\/5"}],"replies":[{"embeddable":true,"href":"https:\/\/notiziario.societabotanicaitaliana.it\/index.php\/wp-json\/wp\/v2\/comments?post=2149"}],"version-history":[{"count":9,"href":"https:\/\/notiziario.societabotanicaitaliana.it\/index.php\/wp-json\/wp\/v2\/pages\/2149\/revisions"}],"predecessor-version":[{"id":2241,"href":"https:\/\/notiziario.societabotanicaitaliana.it\/index.php\/wp-json\/wp\/v2\/pages\/2149\/revisions\/2241"}],"wp:attachment":[{"href":"https:\/\/notiziario.societabotanicaitaliana.it\/index.php\/wp-json\/wp\/v2\/media?parent=2149"}],"curies":[{"name":"wp","href":"https:\/\/api.w.org\/{rel}","templated":true}]}}