{"id":520,"date":"2017-06-09T11:58:52","date_gmt":"2017-06-09T09:58:52","guid":{"rendered":"http:\/\/notiziario.societabotanicaitaliana.it\/?page_id=520"},"modified":"2020-10-30T13:51:42","modified_gmt":"2020-10-30T12:51:42","slug":"istruzioni-per-gli-autori","status":"publish","type":"page","link":"https:\/\/notiziario.societabotanicaitaliana.it\/index.php\/istruzioni-per-gli-autori\/","title":{"rendered":"Istruzioni per gli autori"},"content":{"rendered":"<div class=\"fusion-fullwidth fullwidth-box fusion-builder-row-1 nonhundred-percent-fullwidth non-hundred-percent-height-scrolling\"  style='background-color: rgba(255,255,255,0);background-position: center center;background-repeat: no-repeat;padding-top:0px;padding-right:0px;padding-bottom:0px;padding-left:0px;'><div class=\"fusion-builder-row fusion-row \"><div  class=\"fusion-layout-column fusion_builder_column fusion_builder_column_1_1 fusion-builder-column-0 fusion-one-full fusion-column-first fusion-column-last 1_1\"  style='margin-top:0px;margin-bottom:0px;'><div class=\"fusion-column-wrapper\" style=\"padding: 0px 0px 0px 0px;background-position:left top;background-repeat:no-repeat;-webkit-background-size:cover;-moz-background-size:cover;-o-background-size:cover;background-size:cover;\"   data-bg-url=\"\"><style type=\"text\/css\">@media only screen and (max-width:800px) {.fusion-title.fusion-title-1{margin-top:10px!important;margin-bottom:10px!important;}}<\/style><div class=\"fusion-title title fusion-title-1 fusion-title-text fusion-title-size-one\" style=\"margin-top:0px;margin-bottom:31px;\"><h1 class=\"title-heading-left\" style=\"margin:0;\">Istruzioni per gli autori<\/h1><div class=\"title-sep-container\"><div class=\"title-sep sep-double sep-solid\" style=\"border-color:#e0dede;\"><\/div><\/div><\/div><div class=\"fusion-text\"><p>1. Il Notiziario della Societ\u00e0 Botanica Italiana \u00e8 un periodico semestrale, edito dalla Societ\u00e0 Botanica Italiana onlus, nel quale vengono pubblicati articoli e altri contributi.<br \/>\n2. Tutti i lavori, redatti preferibilmente in lingua italiana, dovranno essere inviati, in formato word, alla Redazione del Notiziario, presso la Segreteria della Societ\u00e0 Botanica Italiana onlus, all\u2019indirizzo di posta elettronica sbi@unifi.it.<br \/>\n3. I contributi per le Rubriche devono essere in precedenza inviati ai Coordinatori delle rispettive Rubriche che, dopo revisione, le inoltreranno alla Redazione richiedendone la pubblicazione.<br \/>\n4. Gli articoli saranno esaminati da due revisori che decideranno della loro accettazione o meno, con o senza richiesta di correzioni.<br \/>\n5. Gli articoli devono essere redatti col seguente ordine: titolo dell\u2019elaborato, nome (con iniziale puntata), cognome dell\u2019Autore(i), breve riassunto (non pi\u00f9 di 250 parole), parole chiave (fino a sei), testo, tabelle e figure con didascalie in italiano, ringraziamenti, letteratura citata in ordine alfabetico, elenco degli Autori con indirizzo per esteso (indicando l\u2019A. di riferimento per la corrispondenza). Il testo\u00a0deve essere preferibilmente suddiviso in Introduzione, Materiali e Metodi, Risultati e Discussione.<br \/>\n6. Gli altri contributi devono seguire nell\u2019impostazione lo standard delle rispettive Rubriche.<br \/>\n7. I nomi latini delle piante e delle unit\u00e0 sintassonomiche devono essere scritte in corsivo. I nomi scientifici devono uniformarsi alle regole internazionali di nomenclatura. Gli Autori dei generi, delle specie, dei taxa intraspecifici e dei sintaxa devono essere riportati alla\u00a0prima citazione nel testo.<br \/>\n8. Gli Erbari devono essere citati seguendo le abbreviazioni usate nell\u2019Index Herbariorum.<br \/>\n9. Le citazioni bibliografiche nel testo devono comprendere il nome dell\u2019Autore(i) e l\u2019anno di pubblicazione [es: Rossi (1997) o (Rossi\u00a01997)]. Nel caso di due Autori dovr\u00e0 essere utilizzata la virgola tra il primo e il secondo mentre nel caso di pi\u00f9 di due Autori l\u2019espressione \u201cet al.\u201d. Gli Autori di dati non pubblicati e di comunicazioni personali non verranno citati in Letteratura, ma solo nel testo. Differenti lavori pubblicati dallo stesso Autore(i) nello stesso anno devono essere distinti nel testo e in Letteratura da lettere (a, b&#8230;) dopo l\u2019anno di pubblicazione.<br \/>\n10. I contributi accettati per la pubblicazione verranno citati in Letteratura con l\u2019espressione \u201cin stampa\u201d.<br \/>\n11. La Letteratura citata si deve uniformare ai seguenti esempi:<\/p>\n<p>Riviste<br \/>\nConti F, Alessandrini A, Bacchetta G, Banfi E, Barberis G, Bartolucci F, Bernardo L, Bonacquisti S, Bouvet D, Bovio M, Brusa G, Del Guacchio E, Foggi B, Frattini S, Galasso G, Gallo L, Gangale C, Gottschlich G, Gr\u00fcnanger P, Gubellini L, Iiriti G, Lucarini D, Marchetti D, Moraldo B, Peruzzi L, Poldini L, Prosser F, Raffaelli M, Santangelo A, Scassellati E, Scortegagna S, Selvi F, Soldano A, Tinti D, Ubaldi D, Uzunov D, Vidali M (2007) Integrazioni alla checklist della flora vascolare italiana. Natura Vicentina 10(2006): 5-74.<\/p>\n<p>Libro<br \/>\nConti F, Abbate G, Alessandrini A, Blasi C (Eds) (2005) An Annotated Checklist of the Italian Vascular Flora. Palombi Editori, Roma, 428 pp.<br \/>\nBened\u00ed C (2000)\u00a0<i>Anthyllis\u00a0<\/i>L. In: Castroviejo S et al. (Eds) Flora Iberica (vol. 7). Real Jard\u00edn Bot\u00e1nico, Madrid, 829\u2013863.<br \/>\nMabberley DJ (2017) Mabberley&#8217;s Plant Book (4th edn.). Cambridge University Press, Cambridge.<br \/>\nPignatti S (1982) Flora d&#8217;Italia (Vol. 3). Edagricole, Bologna.<\/p>\n<p>Riferimenti internet<br \/>\nPlantNET (2016+) PlantNET (The NSW Plant Information Network System). Royal Botanic Gardens and Domain Trust, Sydney. http:\/\/plantnet.rbgsyd.nsw.gov.au [accessed 19.01.2016].<\/p>\n<p>12. Le tabelle devono essere numerate, con numeri arabi, progressivamente e inserite nel testo; sopra ad ogni tabella deve essere apposta la relativa didascalia in italiano.<br \/>\n13. Le figure devono essere di ottima fattura e inviate come file immagine (jpg o tif con risoluzione 300 dpi) e non solo nel file del testo. Le fotografie potranno essere pubblicate in bianco\/nero e\/o a colori. Gli Autori devono segnalare dove inserire le figure, che dovranno essere numerate progressivamente con numeri arabi, e la loro dimensione. La dimensione massima di stampa per le illustrazioni \u00e8 165 x 230 mm. Se pi\u00f9 fotografie vengono raggruppate in una pagina, il montaggio dovr\u00e0 essere eseguito a cura degli Autori. Sotto ad ogni figura deve essere apposta la didascalia in italiano.<br \/>\n14. Dopo l\u2019accettazione e l\u2019eventuale correzione del contributo, l\u2019Autore(i) dovr\u00e0 inviare alla Redazione il file word dell\u2019ultima versione corretta e formattata secondo la veste grafica della rivista.<br \/>\n15. Le Rubriche (in ordine alfabetico) sono:\u00a0Atti sociali, Attivit\u00e0 societarie, Biografie, Conservazione della Biodiversit\u00e0 vegetale, Didattica, Disegno botanico, Divulgazione e comunicazione di eventi, corsi, meeting futuri e relazioni, Erbari, Giardini storici, Nuove Segnalazioni Floristiche Italiane, Orti botanici, Premi e riconoscimenti, Recensioni di libri, Storia della Botanica, Tesi Botaniche.<\/p>\n<h2>Istruzioni per la formattazione<\/h2>\n<p><strong>Impostazione della pagina:<\/strong> Formato A4<br \/>\n<strong>Margini:<\/strong>\u00a0superiore 3 cm, inferiore 1 cm, interno 2,45 cm, esterno 2 cm giustificato<br \/>\n<strong>Allineamento verticale:<\/strong> Giustificato<br \/>\n<strong>Colonne:<\/strong> 1<br \/>\n<strong>Carattere:<\/strong> Cambria<br \/>\n<strong>Titolo del lavoro:<\/strong> Grassetto, corpo 14, interlinea singola, allineamento a sinistra<br \/>\n<strong>Autori:<\/strong> Iniziale puntata del nome e cognome, corpo 10, interlinea singola con uno spazio prima di 0,8 cm (o 24 pt) e uno dopo di 0,4 cm (o 12 pt), allineamento giustificato<br \/>\n<strong>Riassunto:<\/strong> non pi\u00f9 di 250 parole, corpo 9, interlinea singola, allineamento giustificato<br \/>\n<strong>Parole chiave:<\/strong> in ordine alfabetico, corpo 9, interlinea singola con uno spazio prima di 0,4 cm (o 12 pt) e uno dopo di 0,4 cm (o 12 pt), allineamento giustificato<br \/>\n<strong>Testo del lavoro:<\/strong> in tondo, corpo 10, interlinea singola, allineamento giustificato, senza capoversi<br \/>\n<strong>Titoletti:<\/strong> in grassetto, corpo 10, interlinea singola, allineamento a sinistra<br \/>\n<strong>Sottotitoletti:<\/strong> in corsivo, corpo 10, interlinea singola, allineamento a sinistra<br \/>\n<strong>Note a pi\u00e8 di pagina:<\/strong> corpo 8, interlinea singola, allineamento giustificato<br \/>\n<strong>Didascalie delle Tabelle:<\/strong> sopra la tabella, corpo 9, interlinea singola, allineamento giustificato<br \/>\n<strong>Didascalie delle Figure:<\/strong> sotto la figura, corpo 9, interlinea singola, allineamento giustificato<br \/>\n<strong>Ringraziamenti:<\/strong> corpo 9, interlinea singola, allineamento giustificato<br \/>\n<strong>Letteratura citata:<\/strong> corpo 9, interlinea singola, allineamento giustificato, sporgente di 0,5 cm<br \/>\n<strong>Figure e grafici:<\/strong> devono essere forniti in file formato immagine (preferibilmente jpg o tif) e non solo inseriti nei file Word<br \/>\n<strong>Tabelle:<\/strong> devono essere testo Word e non immagini o file Excel inseriti nel testo<br \/>\n<strong>Autori:<\/strong> corpo 9, interlinea singola con uno spazio prima di 0,4 cm (o 12 pt) e uno dopo di 0,1 cm (o 3 pt)<br \/>\n<strong>indirizzo degli AA:<\/strong> corpo 9, interlinea singola, con l\u2019indicazione dell\u2019A. di riferimento<\/p>\n<p><a href=\"https:\/\/notiziario.societabotanicaitaliana.it\/wp-content\/uploads\/2020\/10\/Istruzioni-Notiziario.pdf\">Scarica istruzioni Notiziario<\/a><\/p>\n<\/div><div class=\"fusion-clearfix\"><\/div><\/div><\/div><\/div><\/div>\n","protected":false},"excerpt":{"rendered":"","protected":false},"author":3,"featured_media":0,"parent":0,"menu_order":0,"comment_status":"closed","ping_status":"closed","template":"","meta":{"footnotes":""},"class_list":["post-520","page","type-page","status-publish","hentry"],"_links":{"self":[{"href":"https:\/\/notiziario.societabotanicaitaliana.it\/index.php\/wp-json\/wp\/v2\/pages\/520","targetHints":{"allow":["GET"]}}],"collection":[{"href":"https:\/\/notiziario.societabotanicaitaliana.it\/index.php\/wp-json\/wp\/v2\/pages"}],"about":[{"href":"https:\/\/notiziario.societabotanicaitaliana.it\/index.php\/wp-json\/wp\/v2\/types\/page"}],"author":[{"embeddable":true,"href":"https:\/\/notiziario.societabotanicaitaliana.it\/index.php\/wp-json\/wp\/v2\/users\/3"}],"replies":[{"embeddable":true,"href":"https:\/\/notiziario.societabotanicaitaliana.it\/index.php\/wp-json\/wp\/v2\/comments?post=520"}],"version-history":[{"count":11,"href":"https:\/\/notiziario.societabotanicaitaliana.it\/index.php\/wp-json\/wp\/v2\/pages\/520\/revisions"}],"predecessor-version":[{"id":1766,"href":"https:\/\/notiziario.societabotanicaitaliana.it\/index.php\/wp-json\/wp\/v2\/pages\/520\/revisions\/1766"}],"wp:attachment":[{"href":"https:\/\/notiziario.societabotanicaitaliana.it\/index.php\/wp-json\/wp\/v2\/media?parent=520"}],"curies":[{"name":"wp","href":"https:\/\/api.w.org\/{rel}","templated":true}]}}